{"id":2285,"date":"2024-08-06T15:15:19","date_gmt":"2024-08-06T13:15:19","guid":{"rendered":"https:\/\/www.equipagecoeurduvar.org\/?page_id=2285"},"modified":"2025-01-29T15:47:53","modified_gmt":"2025-01-29T14:47:53","slug":"plus-quune-association-une-communaute-de-coeurs-unis","status":"publish","type":"page","link":"https:\/\/equipagecoeurduvar.org\/?page_id=2285","title":{"rendered":"Plus qu&rsquo;une association, une communaut\u00e9 de c\u0153urs unis !"},"content":{"rendered":"\n<p>Bien plus qu\u2019une simple association, nous sommes une communaut\u00e9 rassembl\u00e9e autour des valeurs de la mer et de la navigation.<\/p>\n\n\n\n<p>Un espace o\u00f9 tu vas pouvoir partager, \u00e9changer et grandir entour\u00e9 d&rsquo;autres jeunes.<br><\/p>\n\n\n\n<figure class=\"wp-block-image size-full\"><img data-recalc-dims=\"1\" fetchpriority=\"high\" decoding=\"async\" width=\"315\" height=\"246\" src=\"https:\/\/i0.wp.com\/equipagecoeurduvar.org\/wp-content\/uploads\/2023\/06\/cropped-Logo-Equipage-Coeur-du-Var-1.jpg?resize=315%2C246&#038;ssl=1\" alt=\"\" class=\"wp-image-1772\" srcset=\"https:\/\/i0.wp.com\/equipagecoeurduvar.org\/wp-content\/uploads\/2023\/06\/cropped-Logo-Equipage-Coeur-du-Var-1.jpg?w=315&amp;ssl=1 315w, https:\/\/i0.wp.com\/equipagecoeurduvar.org\/wp-content\/uploads\/2023\/06\/cropped-Logo-Equipage-Coeur-du-Var-1.jpg?resize=300%2C234&amp;ssl=1 300w\" sizes=\"(max-width: 315px) 100vw, 315px\" \/><\/figure>\n\n\n\n<p>Equipage C\u0153ur du Var a \u00e9t\u00e9 cr\u00e9\u00e9 en 2023 par<strong> S\u0153ur Mathilde des C\u0153urs Unis.<\/strong><\/p>\n\n\n\n<p><strong>Nos missions principales ?<\/strong><\/p>\n\n\n\n<ul class=\"wp-block-list\">\n<li><strong>Favoriser la convivialit\u00e9<\/strong> et <strong>renforcer la coh\u00e9sion<\/strong> au sein de notre jeunesse!<\/li>\n\n\n\n<li>Cr\u00e9er un <strong>environnement chaleureux et inclusif<\/strong> o\u00f9 chacun se sent chez soi.<\/li>\n<\/ul>\n\n\n\n<p>Nous organisons des <strong>activit\u00e9s collectives, sportives et culturelles<\/strong>, notamment des <strong>sorties navigation \u00e0 bord de voiliers<\/strong>.<\/p>\n\n\n\n<p>Les exigences de la mer et la navigation forgent la coh\u00e9sion et le rassemblement autour de valeurs communes : <strong>le respect, la tol\u00e9rance, et surtout, le plaisir d&rsquo;\u00eatre ensemble.<\/strong><\/p>\n\n\n\n<p class=\"has-text-align-center\"><strong>Rejoins-nous pour vivre des moments inoubliables!<\/strong><\/p>\n\n\n\n<figure class=\"wp-block-image aligncenter size-full\"><img data-recalc-dims=\"1\" decoding=\"async\" width=\"809\" height=\"607\" src=\"https:\/\/i0.wp.com\/equipagecoeurduvar.org\/wp-content\/uploads\/2024\/07\/1720977555100.jpg?resize=809%2C607&#038;ssl=1\" alt=\"\" class=\"wp-image-2180\" srcset=\"https:\/\/i0.wp.com\/equipagecoeurduvar.org\/wp-content\/uploads\/2024\/07\/1720977555100.jpg?w=809&amp;ssl=1 809w, https:\/\/i0.wp.com\/equipagecoeurduvar.org\/wp-content\/uploads\/2024\/07\/1720977555100.jpg?resize=300%2C225&amp;ssl=1 300w\" sizes=\"(max-width: 809px) 100vw, 809px\" \/><\/figure>\n\n\n\n<div class=\"wp-block-buttons is-content-justification-center is-layout-flex wp-container-core-buttons-is-layout-a89b3969 wp-block-buttons-is-layout-flex\">\n<div class=\"wp-block-button\"><a class=\"wp-block-button__link wp-element-button\" href=\"https:\/\/www.helloasso.com\/associations\/equipage-coeur-du-var\/adhesions\/adhesion-equipage-coeur-de-var\"><strong>JE VEUX ADH\u00c9RER !<\/strong><\/a><\/div>\n<\/div>\n\n\n\n<div style=\"height:100px\" aria-hidden=\"true\" class=\"wp-block-spacer\"><\/div>\n\n\n\n<p class=\"has-text-align-center\">L&rsquo;Association est signataire du Contrat d&rsquo;Engagement R\u00e9publicain.<\/p>\n\n\n\n<figure class=\"wp-block-image aligncenter size-full is-resized\"><img data-recalc-dims=\"1\" decoding=\"async\" width=\"688\" height=\"528\" src=\"https:\/\/i0.wp.com\/equipagecoeurduvar.org\/wp-content\/uploads\/2025\/01\/Le-contrat-d-engagement-republicain.png?resize=688%2C528&#038;ssl=1\" alt=\"\" class=\"wp-image-2417\" style=\"width:219px;height:auto\" srcset=\"https:\/\/i0.wp.com\/equipagecoeurduvar.org\/wp-content\/uploads\/2025\/01\/Le-contrat-d-engagement-republicain.png?w=688&amp;ssl=1 688w, https:\/\/i0.wp.com\/equipagecoeurduvar.org\/wp-content\/uploads\/2025\/01\/Le-contrat-d-engagement-republicain.png?resize=300%2C230&amp;ssl=1 300w, https:\/\/i0.wp.com\/equipagecoeurduvar.org\/wp-content\/uploads\/2025\/01\/Le-contrat-d-engagement-republicain.png?resize=600%2C460&amp;ssl=1 600w\" sizes=\"(max-width: 688px) 100vw, 688px\" \/><\/figure>\n","protected":false},"excerpt":{"rendered":"<p>Bien plus qu\u2019une simple association, nous sommes une communaut\u00e9 rassembl\u00e9e autour des valeurs de la mer et de la navigation. Un espace o\u00f9 tu vas pouvoir partager, \u00e9changer et grandir &hellip; <\/p>\n<p class=\"link-more\"><a href=\"https:\/\/equipagecoeurduvar.org\/?page_id=2285\" class=\"more-link\">Lire la suite de<span class=\"screen-reader-text\">\u00ab\u00a0Plus qu&rsquo;une association, une communaut\u00e9 de c\u0153urs unis !\u00a0\u00bb<\/span><\/a><\/p>\n","protected":false},"author":4,"featured_media":0,"parent":0,"menu_order":0,"comment_status":"closed","ping_status":"closed","template":"","meta":{"inspiro_hide_title":false,"footnotes":""},"class_list":["post-2285","page","type-page","status-publish","hentry"],"jetpack-related-posts":[],"jetpack_sharing_enabled":true,"featured_media_urls":[],"_links":{"self":[{"href":"https:\/\/equipagecoeurduvar.org\/index.php?rest_route=\/wp\/v2\/pages\/2285","targetHints":{"allow":["GET"]}}],"collection":[{"href":"https:\/\/equipagecoeurduvar.org\/index.php?rest_route=\/wp\/v2\/pages"}],"about":[{"href":"https:\/\/equipagecoeurduvar.org\/index.php?rest_route=\/wp\/v2\/types\/page"}],"author":[{"embeddable":true,"href":"https:\/\/equipagecoeurduvar.org\/index.php?rest_route=\/wp\/v2\/users\/4"}],"replies":[{"embeddable":true,"href":"https:\/\/equipagecoeurduvar.org\/index.php?rest_route=%2Fwp%2Fv2%2Fcomments&post=2285"}],"version-history":[{"count":7,"href":"https:\/\/equipagecoeurduvar.org\/index.php?rest_route=\/wp\/v2\/pages\/2285\/revisions"}],"predecessor-version":[{"id":2421,"href":"https:\/\/equipagecoeurduvar.org\/index.php?rest_route=\/wp\/v2\/pages\/2285\/revisions\/2421"}],"wp:attachment":[{"href":"https:\/\/equipagecoeurduvar.org\/index.php?rest_route=%2Fwp%2Fv2%2Fmedia&parent=2285"}],"curies":[{"name":"wp","href":"https:\/\/api.w.org\/{rel}","templated":true}]}}